{"id":594,"date":"2025-11-25T12:07:00","date_gmt":"2025-11-25T04:07:00","guid":{"rendered":"https:\/\/chenlongrf.com\/?page_id=594"},"modified":"2026-04-09T17:23:49","modified_gmt":"2026-04-09T09:23:49","slug":"modern-insaat-uygulamalari-icin-soguk-sekillendirilmis-celik-profiller","status":"publish","type":"page","link":"https:\/\/chenlongrf.com\/tr\/modern-insaat-uygulamalari-icin-soguk-sekillendirilmis-celik-profiller\/","title":{"rendered":"Modern \u0130n\u015faat Uygulamalar\u0131 i\u00e7in So\u011fuk \u015eekillendirilmi\u015f \u00c7elik Profiller"},"content":{"rendered":"","protected":false},"excerpt":{"rendered":"","protected":false},"author":1,"featured_media":1142,"parent":0,"menu_order":13,"comment_status":"closed","ping_status":"closed","template":"solution-list.php","meta":{"_acf_changed":false,"footnotes":""},"class_list":["post-594","page","type-page","status-publish","has-post-thumbnail","hentry"],"acf":[],"_links":{"self":[{"href":"https:\/\/chenlongrf.com\/tr\/wp-json\/wp\/v2\/pages\/594","targetHints":{"allow":["GET"]}}],"collection":[{"href":"https:\/\/chenlongrf.com\/tr\/wp-json\/wp\/v2\/pages"}],"about":[{"href":"https:\/\/chenlongrf.com\/tr\/wp-json\/wp\/v2\/types\/page"}],"author":[{"embeddable":true,"href":"https:\/\/chenlongrf.com\/tr\/wp-json\/wp\/v2\/users\/1"}],"replies":[{"embeddable":true,"href":"https:\/\/chenlongrf.com\/tr\/wp-json\/wp\/v2\/comments?post=594"}],"version-history":[{"count":20,"href":"https:\/\/chenlongrf.com\/tr\/wp-json\/wp\/v2\/pages\/594\/revisions"}],"predecessor-version":[{"id":1788,"href":"https:\/\/chenlongrf.com\/tr\/wp-json\/wp\/v2\/pages\/594\/revisions\/1788"}],"wp:featuredmedia":[{"embeddable":true,"href":"https:\/\/chenlongrf.com\/tr\/wp-json\/wp\/v2\/media\/1142"}],"wp:attachment":[{"href":"https:\/\/chenlongrf.com\/tr\/wp-json\/wp\/v2\/media?parent=594"}],"curies":[{"name":"wp","href":"https:\/\/api.w.org\/{rel}","templated":true}]}}