{"id":589,"date":"2025-11-25T11:53:25","date_gmt":"2025-11-25T03:53:25","guid":{"rendered":"https:\/\/chenlongrf.com\/?page_id=589"},"modified":"2026-04-09T17:24:22","modified_gmt":"2026-04-09T09:24:22","slug":"guc-dagitim-sistemleri-icin-soguk-sekillendirilmis-elektrik-dolabi-kablo-kanali-profilleri","status":"publish","type":"page","link":"https:\/\/chenlongrf.com\/tr\/guc-dagitim-sistemleri-icin-soguk-sekillendirilmis-elektrik-dolabi-kablo-kanali-profilleri\/","title":{"rendered":"G\u00fc\u00e7 Da\u011f\u0131t\u0131m Sistemleri i\u00e7in So\u011fuk \u015eekillendirilmi\u015f Elektrik Kabini ve Kablo Kanal\u0131 Profilleri"},"content":{"rendered":"","protected":false},"excerpt":{"rendered":"","protected":false},"author":1,"featured_media":1141,"parent":0,"menu_order":14,"comment_status":"closed","ping_status":"closed","template":"solution-list.php","meta":{"_acf_changed":false,"footnotes":""},"class_list":["post-589","page","type-page","status-publish","has-post-thumbnail","hentry"],"acf":[],"_links":{"self":[{"href":"https:\/\/chenlongrf.com\/tr\/wp-json\/wp\/v2\/pages\/589","targetHints":{"allow":["GET"]}}],"collection":[{"href":"https:\/\/chenlongrf.com\/tr\/wp-json\/wp\/v2\/pages"}],"about":[{"href":"https:\/\/chenlongrf.com\/tr\/wp-json\/wp\/v2\/types\/page"}],"author":[{"embeddable":true,"href":"https:\/\/chenlongrf.com\/tr\/wp-json\/wp\/v2\/users\/1"}],"replies":[{"embeddable":true,"href":"https:\/\/chenlongrf.com\/tr\/wp-json\/wp\/v2\/comments?post=589"}],"version-history":[{"count":13,"href":"https:\/\/chenlongrf.com\/tr\/wp-json\/wp\/v2\/pages\/589\/revisions"}],"predecessor-version":[{"id":1789,"href":"https:\/\/chenlongrf.com\/tr\/wp-json\/wp\/v2\/pages\/589\/revisions\/1789"}],"wp:featuredmedia":[{"embeddable":true,"href":"https:\/\/chenlongrf.com\/tr\/wp-json\/wp\/v2\/media\/1141"}],"wp:attachment":[{"href":"https:\/\/chenlongrf.com\/tr\/wp-json\/wp\/v2\/media?parent=589"}],"curies":[{"name":"wp","href":"https:\/\/api.w.org\/{rel}","templated":true}]}}