{"id":1060,"date":"2025-11-26T17:26:30","date_gmt":"2025-11-26T09:26:30","guid":{"rendered":"https:\/\/chenlongrf.com\/?page_id=1060"},"modified":"2026-04-09T17:29:02","modified_gmt":"2026-04-09T09:29:02","slug":"yangindan-korunma-saha-cozumleri%cc%87","status":"publish","type":"page","link":"https:\/\/chenlongrf.com\/tr\/yangindan-korunma-saha-cozumleri%cc%87\/","title":{"rendered":"Yang\u0131ndan Korunma Saha \u00c7\u00f6z\u00fcmleri"},"content":{"rendered":"","protected":false},"excerpt":{"rendered":"","protected":false},"author":1,"featured_media":1068,"parent":0,"menu_order":23,"comment_status":"closed","ping_status":"closed","template":"solution-details.php","meta":{"_acf_changed":false,"footnotes":""},"class_list":["post-1060","page","type-page","status-publish","has-post-thumbnail","hentry"],"acf":[],"_links":{"self":[{"href":"https:\/\/chenlongrf.com\/tr\/wp-json\/wp\/v2\/pages\/1060","targetHints":{"allow":["GET"]}}],"collection":[{"href":"https:\/\/chenlongrf.com\/tr\/wp-json\/wp\/v2\/pages"}],"about":[{"href":"https:\/\/chenlongrf.com\/tr\/wp-json\/wp\/v2\/types\/page"}],"author":[{"embeddable":true,"href":"https:\/\/chenlongrf.com\/tr\/wp-json\/wp\/v2\/users\/1"}],"replies":[{"embeddable":true,"href":"https:\/\/chenlongrf.com\/tr\/wp-json\/wp\/v2\/comments?post=1060"}],"version-history":[{"count":5,"href":"https:\/\/chenlongrf.com\/tr\/wp-json\/wp\/v2\/pages\/1060\/revisions"}],"predecessor-version":[{"id":1796,"href":"https:\/\/chenlongrf.com\/tr\/wp-json\/wp\/v2\/pages\/1060\/revisions\/1796"}],"wp:featuredmedia":[{"embeddable":true,"href":"https:\/\/chenlongrf.com\/tr\/wp-json\/wp\/v2\/media\/1068"}],"wp:attachment":[{"href":"https:\/\/chenlongrf.com\/tr\/wp-json\/wp\/v2\/media?parent=1060"}],"curies":[{"name":"wp","href":"https:\/\/api.w.org\/{rel}","templated":true}]}}