{"id":1036,"date":"2025-11-26T16:42:31","date_gmt":"2025-11-26T08:42:31","guid":{"rendered":"https:\/\/chenlongrf.com\/?page_id=1036"},"modified":"2026-04-09T17:25:54","modified_gmt":"2026-04-09T09:25:54","slug":"otomoti%cc%87v-carpisma-onleyi%cc%87ci%cc%87-demet-olusturma-cozumu","status":"publish","type":"page","link":"https:\/\/chenlongrf.com\/tr\/otomoti%cc%87v-carpisma-onleyi%cc%87ci%cc%87-demet-olusturma-cozumu\/","title":{"rendered":"Otomotiv \u00c7arp\u0131\u015fma \u00d6nleyici Kiri\u015f \u015eekillendirme \u00c7\u00f6z\u00fcm\u00fc"},"content":{"rendered":"","protected":false},"excerpt":{"rendered":"","protected":false},"author":1,"featured_media":1037,"parent":0,"menu_order":18,"comment_status":"closed","ping_status":"closed","template":"solution-details.php","meta":{"_acf_changed":false,"footnotes":""},"class_list":["post-1036","page","type-page","status-publish","has-post-thumbnail","hentry"],"acf":[],"_links":{"self":[{"href":"https:\/\/chenlongrf.com\/tr\/wp-json\/wp\/v2\/pages\/1036","targetHints":{"allow":["GET"]}}],"collection":[{"href":"https:\/\/chenlongrf.com\/tr\/wp-json\/wp\/v2\/pages"}],"about":[{"href":"https:\/\/chenlongrf.com\/tr\/wp-json\/wp\/v2\/types\/page"}],"author":[{"embeddable":true,"href":"https:\/\/chenlongrf.com\/tr\/wp-json\/wp\/v2\/users\/1"}],"replies":[{"embeddable":true,"href":"https:\/\/chenlongrf.com\/tr\/wp-json\/wp\/v2\/comments?post=1036"}],"version-history":[{"count":6,"href":"https:\/\/chenlongrf.com\/tr\/wp-json\/wp\/v2\/pages\/1036\/revisions"}],"predecessor-version":[{"id":1791,"href":"https:\/\/chenlongrf.com\/tr\/wp-json\/wp\/v2\/pages\/1036\/revisions\/1791"}],"wp:featuredmedia":[{"embeddable":true,"href":"https:\/\/chenlongrf.com\/tr\/wp-json\/wp\/v2\/media\/1037"}],"wp:attachment":[{"href":"https:\/\/chenlongrf.com\/tr\/wp-json\/wp\/v2\/media?parent=1036"}],"curies":[{"name":"wp","href":"https:\/\/api.w.org\/{rel}","templated":true}]}}