{"id":1013,"date":"2025-11-26T15:39:48","date_gmt":"2025-11-26T07:39:48","guid":{"rendered":"https:\/\/chenlongrf.com\/?page_id=1013"},"modified":"2026-04-09T17:54:12","modified_gmt":"2026-04-09T09:54:12","slug":"door-frame-window-frame-profiles-forming-solution","status":"publish","type":"page","link":"https:\/\/chenlongrf.com\/pt\/door-frame-window-frame-profiles-forming-solution\/","title":{"rendered":"Solu\u00e7\u00e3o de Forma\u00e7\u00e3o de Perfis de Estrutura de Porta \/ Janela"},"content":{"rendered":"","protected":false},"excerpt":{"rendered":"","protected":false},"author":1,"featured_media":1015,"parent":0,"menu_order":16,"comment_status":"closed","ping_status":"closed","template":"solution-details.php","meta":{"_acf_changed":false,"footnotes":""},"class_list":["post-1013","page","type-page","status-publish","has-post-thumbnail","hentry"],"acf":[],"_links":{"self":[{"href":"https:\/\/chenlongrf.com\/pt\/wp-json\/wp\/v2\/pages\/1013","targetHints":{"allow":["GET"]}}],"collection":[{"href":"https:\/\/chenlongrf.com\/pt\/wp-json\/wp\/v2\/pages"}],"about":[{"href":"https:\/\/chenlongrf.com\/pt\/wp-json\/wp\/v2\/types\/page"}],"author":[{"embeddable":true,"href":"https:\/\/chenlongrf.com\/pt\/wp-json\/wp\/v2\/users\/1"}],"replies":[{"embeddable":true,"href":"https:\/\/chenlongrf.com\/pt\/wp-json\/wp\/v2\/comments?post=1013"}],"version-history":[{"count":12,"href":"https:\/\/chenlongrf.com\/pt\/wp-json\/wp\/v2\/pages\/1013\/revisions"}],"predecessor-version":[{"id":1807,"href":"https:\/\/chenlongrf.com\/pt\/wp-json\/wp\/v2\/pages\/1013\/revisions\/1807"}],"wp:featuredmedia":[{"embeddable":true,"href":"https:\/\/chenlongrf.com\/pt\/wp-json\/wp\/v2\/media\/1015"}],"wp:attachment":[{"href":"https:\/\/chenlongrf.com\/pt\/wp-json\/wp\/v2\/media?parent=1013"}],"curies":[{"name":"wp","href":"https:\/\/api.w.org\/{rel}","templated":true}]}}