{"id":652,"date":"2025-11-25T14:17:09","date_gmt":"2025-11-25T06:17:09","guid":{"rendered":"https:\/\/chenlongrf.com\/?page_id=652"},"modified":"2025-12-09T16:27:55","modified_gmt":"2025-12-09T08:27:55","slug":"solutions-de-formage-des-etageres-de-supermarche","status":"publish","type":"page","link":"https:\/\/chenlongrf.com\/fr\/solutions-de-formage-des-etageres-de-supermarche\/","title":{"rendered":"Solutions de mise en forme des \u00e9tag\u00e8res de supermarch\u00e9"},"content":{"rendered":"","protected":false},"excerpt":{"rendered":"","protected":false},"author":1,"featured_media":657,"parent":0,"menu_order":30,"comment_status":"closed","ping_status":"closed","template":"solution-details.php","meta":{"_acf_changed":false,"footnotes":""},"class_list":["post-652","page","type-page","status-publish","has-post-thumbnail","hentry"],"acf":[],"_links":{"self":[{"href":"https:\/\/chenlongrf.com\/fr\/wp-json\/wp\/v2\/pages\/652","targetHints":{"allow":["GET"]}}],"collection":[{"href":"https:\/\/chenlongrf.com\/fr\/wp-json\/wp\/v2\/pages"}],"about":[{"href":"https:\/\/chenlongrf.com\/fr\/wp-json\/wp\/v2\/types\/page"}],"author":[{"embeddable":true,"href":"https:\/\/chenlongrf.com\/fr\/wp-json\/wp\/v2\/users\/1"}],"replies":[{"embeddable":true,"href":"https:\/\/chenlongrf.com\/fr\/wp-json\/wp\/v2\/comments?post=652"}],"version-history":[{"count":8,"href":"https:\/\/chenlongrf.com\/fr\/wp-json\/wp\/v2\/pages\/652\/revisions"}],"predecessor-version":[{"id":1618,"href":"https:\/\/chenlongrf.com\/fr\/wp-json\/wp\/v2\/pages\/652\/revisions\/1618"}],"wp:featuredmedia":[{"embeddable":true,"href":"https:\/\/chenlongrf.com\/fr\/wp-json\/wp\/v2\/media\/657"}],"wp:attachment":[{"href":"https:\/\/chenlongrf.com\/fr\/wp-json\/wp\/v2\/media?parent=652"}],"curies":[{"name":"wp","href":"https:\/\/api.w.org\/{rel}","templated":true}]}}